{"id":1349,"date":"2023-01-30T12:05:47","date_gmt":"2023-01-30T11:05:47","guid":{"rendered":"https:\/\/www.santagostin.com\/wordpress\/position\/"},"modified":"2023-01-30T12:05:47","modified_gmt":"2023-01-30T11:05:47","slug":"position","status":"publish","type":"page","link":"https:\/\/www.santagostin.com\/fr\/position\/","title":{"rendered":"Position"},"content":{"rendered":"<p>[vc_row full_width=\u00a0\u00bbstretch_row_content\u00a0\u00bb][vc_column]\n\t\t\t<!-- START Location REVOLUTION SLIDER 6.4.5 --><p class=\"rs-p-wp-fix\"><\/p>\n\t\t\t<rs-module-wrap id=\"rev_slider_5_1_wrapper\" data-source=\"gallery\" style=\"background:transparent;padding:0;\">\n\t\t\t\t<rs-module id=\"rev_slider_5_1\" style=\"\" data-version=\"6.4.5\">\n\t\t\t\t\t<rs-slides>\n\t\t\t\t\t\t<rs-slide data-key=\"rs-11\" data-title=\"Slide\" data-in=\"o:0;\" data-out=\"a:false;\">\n\t\t\t\t\t\t\t<img loading=\"lazy\" decoding=\"async\" src=\"\/\/www.santagostin.com\/wordpress\/wp-content\/uploads\/2022\/12\/gallery-_DNN6424.jpg\" title=\"gallery-_DNN6424\" width=\"2560\" height=\"1707\" class=\"rev-slidebg tp-rs-img\" data-no-retina>\n<!---->\t\t\t\t\t\t<\/rs-slide>\n\t\t\t\t\t<\/rs-slides>\n\t\t\t\t<\/rs-module>\n\t\t\t\t<script type=\"text\/javascript\">\n\t\t\t\t\tsetREVStartSize({c: 'rev_slider_5_1',rl:[1240,1024,778,480],el:[900],gw:[1240],gh:[900],type:'standard',justify:'',layout:'fullscreen',offsetContainer:'',offset:'',mh:\"0\"});\n\t\t\t\t\tvar\trevapi5,\n\t\t\t\t\t\ttpj;\n\t\t\t\t\tfunction revinit_revslider51() {\n\t\t\t\t\tjQuery(function() {\n\t\t\t\t\t\ttpj = jQuery;\n\t\t\t\t\t\trevapi5 = tpj(\"#rev_slider_5_1\");\n\t\t\t\t\t\tif(revapi5==undefined || revapi5.revolution == undefined){\n\t\t\t\t\t\t\trevslider_showDoubleJqueryError(\"rev_slider_5_1\");\n\t\t\t\t\t\t}else{\n\t\t\t\t\t\t\trevapi5.revolution({\n\t\t\t\t\t\t\t\tsliderLayout:\"fullscreen\",\n\t\t\t\t\t\t\t\tvisibilityLevels:\"1240,1024,778,480\",\n\t\t\t\t\t\t\t\tgridwidth:1240,\n\t\t\t\t\t\t\t\tgridheight:900,\n\t\t\t\t\t\t\t\tperspective:600,\n\t\t\t\t\t\t\t\tperspectiveType:\"global\",\n\t\t\t\t\t\t\t\teditorheight:\"900,768,960,720\",\n\t\t\t\t\t\t\t\tresponsiveLevels:\"1240,1024,778,480\",\n\t\t\t\t\t\t\t\tprogressBar:{disableProgressBar:true},\n\t\t\t\t\t\t\t\tnavigation: {\n\t\t\t\t\t\t\t\t\tonHoverStop:false\n\t\t\t\t\t\t\t\t},\n\t\t\t\t\t\t\t\tfallbacks: {\n\t\t\t\t\t\t\t\t\tallowHTML5AutoPlayOnAndroid:true\n\t\t\t\t\t\t\t\t},\n\t\t\t\t\t\t\t});\n\t\t\t\t\t\t}\n\t\t\t\t\t\t\n\t\t\t\t\t});\n\t\t\t\t\t} \/\/ End of RevInitScript\n\t\t\t\tvar once_revslider51 = false;\n\t\t\t\tif (document.readyState === \"loading\") {document.addEventListener('readystatechange',function() { if((document.readyState === \"interactive\" || document.readyState === \"complete\") && !once_revslider51 ) { once_revslider51 = true; revinit_revslider51();}});} else {once_revslider51 = true; revinit_revslider51();}\n\t\t\t\t<\/script>\n\t\t\t<\/rs-module-wrap>\n\t\t\t<!-- END REVOLUTION SLIDER -->\n[vc_raw_html]PGRpdiBjbGFzcz0iYXJyb3ctd3JhcHBlciI+PGRpdiBjbGFzcz0iYXJyb3ciPjwvZGl2PjwvZGl2Pg==[\/vc_raw_html][\/vc_column][\/vc_row][vc_row full_width=\u00a0\u00bbstretch_row_content\u00a0\u00bb][vc_column][vc_empty_space height=\u00a0\u00bb100px\u00a0\u00bb][vc_column_text]<\/p>\n<h1 style=\"text-align: center;\">POSITION<\/h1>\n<p>[\/vc_column_text][vc_empty_space height=\u00a0\u00bb50px\u00a0\u00bb][\/vc_column][\/vc_row][vc_row][vc_column][vc_column_text]<br \/>\n[\/vc_column_text][\/vc_column][\/vc_row][vc_row css=\u00a0\u00bb.vc_custom_1547553006946{padding-top: 10px !important;padding-bottom: 50px !important;}\u00a0\u00bb][vc_column][vc_column_text]<\/p>\n<p style=\"text-align: center;\">L\u2019auberge Sant\u2019Agostin est situ\u00e9e dans le quartier caract\u00e9ristique de San Polo, un quartier authentique v\u00e9nitien riche en restaurants et en Bacari typiques. \u00c0 quelques pas de la Basilique des Frari, de la Scuola grande San Rocco et du Campo San Polo, l\u2019auberge se trouve \u00e0 seulement 10\u00a0minutes du pont du Rialto.<\/p>\n<p>[\/vc_column_text][\/vc_column][\/vc_row][vc_row full_width=\u00a0\u00bbstretch_row_content_no_spaces\u00a0\u00bb][vc_column][vc_gmaps link=\u00a0\u00bb#E-8_JTNDaWZyYW1lJTIwc3JjJTNEJTIyaHR0cHMlM0ElMkYlMkZ3d3cuZ29vZ2xlLmNvbSUyRm1hcHMlMkZlbWJlZCUzRnBiJTNEJTIxMW0xOCUyMTFtMTIlMjExbTMlMjExZDEzMzE2LjY5NDE2MzY1NDMwOSUyMTJkMTIuMzI2NDAxODAxNDc5NzQ0JTIxM2Q0NS40Mzk3NzkyMDY1NDg2JTIxMm0zJTIxMWYwJTIxMmYwJTIxM2YwJTIxM20yJTIxMWkxMDI0JTIxMmk3NjglMjE0ZjEzLjElMjEzbTMlMjExbTIlMjExczB4NDc3ZWIxYzY1ZWUwYzIxZiUyNTNBMHhkYjA2YWE3Y2ExNzBhYjg0JTIxMnNMb2NhbmRhJTI1MjBTYW50JTI2JTIzMzklM0JBZ29zdGluJTIxNWUwJTIxM20yJTIxMXNpdCUyMTJzaXQlMjE0djE2NzE3MTI4ODQ3MDUlMjE1bTIlMjExc2l0JTIxMnNpdCUyMiUyMHdpZHRoJTNEJTIyNjAwJTIyJTIwaGVpZ2h0JTNEJTIyNDUwJTIyJTIwc3R5bGUlM0QlMjJib3JkZXIlM0EwJTNCJTIyJTIwYWxsb3dmdWxsc2NyZWVuJTNEJTIyJTIyJTIwbG9hZGluZyUzRCUyMmxhenklMjIlMjByZWZlcnJlcnBvbGljeSUzRCUyMm5vLXJlZmVycmVyLXdoZW4tZG93bmdyYWRlJTIyJTNFJTNDJTJGaWZyYW1lJTNF\u00a0\u00bb size=\u00a0\u00bb800px\u00a0\u00bb][vc_empty_space height=\u00a0\u00bb40px\u00a0\u00bb][\/vc_column][\/vc_row][vc_row css=\u00a0\u00bb.vc_custom_1547712153347{padding-top: 50px !important;padding-bottom: 50px !important;}\u00a0\u00bb][vc_column][vc_column_text]<\/p>\n<h2 style=\"text-align: center;\">Comment nous rejoindre<\/h2>\n<p>[\/vc_column_text][\/vc_column][\/vc_row][vc_row full_width=\u00a0\u00bbstretch_row_content\u00a0\u00bb gap=\u00a0\u00bb35&Prime; css=\u00a0\u00bb.vc_custom_1547712291318{padding-bottom: 50px !important;}\u00a0\u00bb][vc_column width=\u00a0\u00bb1\/3&Prime; css=\u00a0\u00bb.vc_custom_1624271879949{padding-top: 35px !important;padding-right: 35px !important;padding-bottom: 35px !important;padding-left: 35px !important;background-color: #f4f4f4 !important;}\u00a0\u00bb][vc_icon icon_fontawesome=\u00a0\u00bbfa fa-plane\u00a0\u00bb color=\u00a0\u00bbblack\u00a0\u00bb size=\u00a0\u00bbxl\u00a0\u00bb align=\u00a0\u00bbcenter\u00a0\u00bb][vc_column_text]<\/p>\n<h3 style=\"text-align: center;\">Si vous arrivez de l\u2019a\u00e9roport<\/h3>\n<p style=\"text-align: center;\"><strong>A\u00e9roport Marco Polo de Venise<\/strong><br \/>\nEn TAXI fluvial priv\u00e9 jusqu\u2019\u00e0 l\u2019auberge \u00e0 Rio Sant\u2019Agostin. Nous vous conseillons d\u2019\u00e9tablir le prix avant l\u2019embarquement et de contr\u00f4ler que le taxi est bien agr\u00e9\u00e9 (bande jaune sur les c\u00f4t\u00e9s et num\u00e9ro de permis affich\u00e9). Avec la navette de bus ATVO ou ACTV n\u00b0\u00a05 jusqu\u2019\u00e0 Piazzale Roma, puis avec le VAPORETTO (service public de transport) ACTV ligne 1 \u00e0 travers le Grand Canal jusqu\u2019au quatri\u00e8me arr\u00eat, San Stae (temps de parcours 10\u00a0minutes environ). Arriv\u00e9s au port de San Stae, prenez le premier pont de fer sur la gauche et continuez en direction de Fondamenta Mocenigo, tout droit jusqu\u2019\u00e0 Calle del Modena, en arrivant \u00e0 Campo San Boldo ou Calle del Calice, tournez \u00e0 gauche pour rejoindre Campo Sant\u2019Agostin.<\/p>\n<p style=\"text-align: center;\"><strong>A\u00e9roport San Giuseppe de Tr\u00e9vise<\/strong><br \/>\nUn service de navette relie l\u2019a\u00e9roport de Tr\u00e9vise \u00e0 Piazzale Roma, Venise, avec correspondance avec les principaux vols. De Piazzale Roma, vous pouvez prendre le VAPORETTO ACTV ligne\u00a01 \u00e0 travers le Grand Canal jusqu\u2019\u00e0 l\u2019arr\u00eat San Stae (temps de trajet 10\u00a0minutes environ). De l\u00e0, continuez comme d\u00e9crit ci-dessus.<\/p>\n<p>[\/vc_column_text][\/vc_column][vc_column width=\u00a0\u00bb1\/3&Prime; css=\u00a0\u00bb.vc_custom_1624271891641{padding-top: 35px !important;padding-right: 35px !important;padding-bottom: 35px !important;padding-left: 35px !important;background-color: #f4f4f4 !important;}\u00a0\u00bb][vc_icon icon_fontawesome=\u00a0\u00bbfa fa-car\u00a0\u00bb color=\u00a0\u00bbblack\u00a0\u00bb size=\u00a0\u00bbxl\u00a0\u00bb align=\u00a0\u00bbcenter\u00a0\u00bb][vc_column_text]<\/p>\n<h3 style=\"text-align: center;\">Si vous arrivez en voiture<\/h3>\n<p style=\"text-align: center;\">Vous pouvez laisser votre voiture au Car Terminal del TRONCHETTO puis prendre le vaporetto ACTV ligne\u00a02 jusqu\u2019\u00e0 la gare de Santa Lucia. Ici, prendre le vaporetto ACTV ligne\u00a01 \u00e0 travers le Grand Canal jusqu\u2019\u00e0 l\u2019arr\u00eat San Stae. Temps de trajet 20\u00a0minutes environ. Arriv\u00e9s au port de San Stae, prenez le premier pont de fer sur la gauche et continuez en direction de Fondamenta Mocenigo, tout droit jusqu\u2019\u00e0 Calle del Modena, en arrivant \u00e0 Campo San Boldo ou Calle del Calice, tournez \u00e0 gauche pour rejoindre Campo Sant\u2019Agostin. Vous pouvez \u00e9galement laisser votre voiture au parking de PIAZZALE ROMA. De Piazzale Roma, vous prendrez le VAPORETTO (service public de transport) ACTV ligne\u00a01 Grand Canal jusqu\u2019au quatri\u00e8me arr\u00eat, San Stae (temps de trajet 8\u00a0minutes environ). De l\u00e0, continuez comme d\u00e9crit ci-dessus.<\/p>\n<p>[\/vc_column_text][\/vc_column][vc_column width=\u00a0\u00bb1\/3&Prime; css=\u00a0\u00bb.vc_custom_1624271899316{padding-top: 35px !important;padding-right: 35px !important;padding-bottom: 35px !important;padding-left: 35px !important;background-color: #f4f4f4 !important;}\u00a0\u00bb][vc_icon icon_fontawesome=\u00a0\u00bbfa fa-train\u00a0\u00bb color=\u00a0\u00bbblack\u00a0\u00bb size=\u00a0\u00bbxl\u00a0\u00bb align=\u00a0\u00bbcenter\u00a0\u00bb][vc_column_text]<\/p>\n<h3 style=\"text-align: center;\">Si vous arrivez en train<br \/>\nGare ferroviaire Santa Lucia<\/h3>\n<p style=\"text-align: center;\">En TAXI fluvial priv\u00e9 jusqu\u2019\u00e0 l\u2019H\u00f4tel \u00e0 Rio Sant\u2019Agostin. Nous vous conseillons de convenir du prix avant l\u2019embarquement et de v\u00e9rifier que le taxi est autoris\u00e9.<br \/>\nAvec le VAPORETTO (service public de transport) ACTV ligne\u00a01 \u00e0 travers le Grand Canal jusqu\u2019\u00e0 l\u2019arr\u00eat San Stae (temps de trajet 8\/10\u00a0minutes environ). Arriv\u00e9s au port de San Stae, prenez le premier pont de fer sur la gauche et continuez en direction de Fondamenta Mocenigo, tout droit jusqu\u2019\u00e0 Calle del Modena, en arrivant \u00e0 Campo San Boldo ou Calle del Calice, tournez \u00e0 gauche pour rejoindre Campo Sant\u2019Agostin.<\/p>\n<p>[\/vc_column_text][\/vc_column][\/vc_row][vc_row full_width=\u00a0\u00bbstretch_row_content\u00a0\u00bb][vc_column][vc_cta h2=\u00a0\u00bbT\u00e9l\u00e9chargez la carte\u00a0\u00bb txt_align=\u00a0\u00bbcenter\u00a0\u00bb style=\u00a0\u00bbflat\u00a0\u00bb add_button=\u00a0\u00bbbottom\u00a0\u00bb btn_title=\u00a0\u00bbT\u00e9l\u00e9charger\u00a0\u00bb btn_style=\u00a0\u00bbflat\u00a0\u00bb btn_size=\u00a0\u00bblg\u00a0\u00bb btn_align=\u00a0\u00bbcenter\u00a0\u00bb add_icon=\u00a0\u00bbtop\u00a0\u00bb i_icon_fontawesome=\u00a0\u00bbfas fa-download\u00a0\u00bb i_color=\u00a0\u00bbblack\u00a0\u00bb btn_link=\u00a0\u00bburl:https%3A%2F%2Fwww.santagostin.com%2Fwordpress%2Fwp-content%2Fuploads%2F2023%2F01%2FAgostin_map_en.pdf|target:_blank|\u00a0\u00bb]Cliquez sur le bouton \u00ab\u00a0T\u00e9l\u00e9charger\u00a0\u00bb pour t\u00e9l\u00e9charger la carte en PDF[\/vc_cta][\/vc_column][\/vc_row]<\/p>\n","protected":false},"excerpt":{"rendered":"<p>[vc_row full_width=\u00a0\u00bbstretch_row_content\u00a0\u00bb][vc_column][vc_raw_html]PGRpdiBjbGFzcz0iYXJyb3ctd3JhcHBlciI+PGRpdiBjbGFzcz0iYXJyb3ciPjwvZGl2PjwvZGl2Pg==[\/vc_raw_html][\/vc_column][\/vc_row][vc_row full_width=\u00a0\u00bbstretch_row_content\u00a0\u00bb][vc_column][vc_empty_space height=\u00a0\u00bb100px\u00a0\u00bb][vc_column_text] POSITION [\/vc_column_text][vc_empty_space height=\u00a0\u00bb50px\u00a0\u00bb][\/vc_column][\/vc_row][vc_row][vc_column][vc_column_text] [\/vc_column_text][\/vc_column][\/vc_row][vc_row css=\u00a0\u00bb.vc_custom_1547553006946{padding-top: 10px !important;padding-bottom: 50px !important;}\u00a0\u00bb][vc_column][vc_column_text] L\u2019auberge Sant\u2019Agostin est situ\u00e9e dans le quartier caract\u00e9ristique de San Polo, un quartier authentique v\u00e9nitien riche en restaurants et en Bacari typiques. \u00c0 quelques pas de la Basilique des Frari, de la Scuola grande San Rocco et du Campo San Polo, l\u2019auberge&hellip;<\/p>\n","protected":false},"author":1,"featured_media":0,"parent":0,"menu_order":0,"comment_status":"closed","ping_status":"closed","template":"","meta":[],"class_list":["post-1349","page","type-page","status-publish","hentry","description-off"],"_links":{"self":[{"href":"https:\/\/www.santagostin.com\/fr\/wp-json\/wp\/v2\/pages\/1349","targetHints":{"allow":["GET"]}}],"collection":[{"href":"https:\/\/www.santagostin.com\/fr\/wp-json\/wp\/v2\/pages"}],"about":[{"href":"https:\/\/www.santagostin.com\/fr\/wp-json\/wp\/v2\/types\/page"}],"author":[{"embeddable":true,"href":"https:\/\/www.santagostin.com\/fr\/wp-json\/wp\/v2\/users\/1"}],"replies":[{"embeddable":true,"href":"https:\/\/www.santagostin.com\/fr\/wp-json\/wp\/v2\/comments?post=1349"}],"version-history":[{"count":2,"href":"https:\/\/www.santagostin.com\/fr\/wp-json\/wp\/v2\/pages\/1349\/revisions"}],"predecessor-version":[{"id":1351,"href":"https:\/\/www.santagostin.com\/fr\/wp-json\/wp\/v2\/pages\/1349\/revisions\/1351"}],"wp:attachment":[{"href":"https:\/\/www.santagostin.com\/fr\/wp-json\/wp\/v2\/media?parent=1349"}],"curies":[{"name":"wp","href":"https:\/\/api.w.org\/{rel}","templated":true}]}}