{"id":1383,"date":"2023-01-30T12:18:04","date_gmt":"2023-01-30T11:18:04","guid":{"rendered":"https:\/\/www.santagostin.com\/wordpress\/ubicacion\/"},"modified":"2023-01-30T12:18:04","modified_gmt":"2023-01-30T11:18:04","slug":"ubicacion","status":"publish","type":"page","link":"https:\/\/www.santagostin.com\/es\/ubicacion\/","title":{"rendered":"Ubicaci\u00f3n"},"content":{"rendered":"<p>[vc_row full_width=\u00bbstretch_row_content\u00bb][vc_column]\n\t\t\t<!-- START Location REVOLUTION SLIDER 6.4.5 --><p class=\"rs-p-wp-fix\"><\/p>\n\t\t\t<rs-module-wrap id=\"rev_slider_5_1_wrapper\" data-source=\"gallery\" style=\"background:transparent;padding:0;\">\n\t\t\t\t<rs-module id=\"rev_slider_5_1\" style=\"\" data-version=\"6.4.5\">\n\t\t\t\t\t<rs-slides>\n\t\t\t\t\t\t<rs-slide data-key=\"rs-11\" data-title=\"Slide\" data-in=\"o:0;\" data-out=\"a:false;\">\n\t\t\t\t\t\t\t<img loading=\"lazy\" decoding=\"async\" src=\"\/\/www.santagostin.com\/wordpress\/wp-content\/uploads\/2022\/12\/gallery-_DNN6424.jpg\" title=\"gallery-_DNN6424\" width=\"2560\" height=\"1707\" class=\"rev-slidebg tp-rs-img\" data-no-retina>\n<!---->\t\t\t\t\t\t<\/rs-slide>\n\t\t\t\t\t<\/rs-slides>\n\t\t\t\t<\/rs-module>\n\t\t\t\t<script type=\"text\/javascript\">\n\t\t\t\t\tsetREVStartSize({c: 'rev_slider_5_1',rl:[1240,1024,778,480],el:[900],gw:[1240],gh:[900],type:'standard',justify:'',layout:'fullscreen',offsetContainer:'',offset:'',mh:\"0\"});\n\t\t\t\t\tvar\trevapi5,\n\t\t\t\t\t\ttpj;\n\t\t\t\t\tfunction revinit_revslider51() {\n\t\t\t\t\tjQuery(function() {\n\t\t\t\t\t\ttpj = jQuery;\n\t\t\t\t\t\trevapi5 = tpj(\"#rev_slider_5_1\");\n\t\t\t\t\t\tif(revapi5==undefined || revapi5.revolution == undefined){\n\t\t\t\t\t\t\trevslider_showDoubleJqueryError(\"rev_slider_5_1\");\n\t\t\t\t\t\t}else{\n\t\t\t\t\t\t\trevapi5.revolution({\n\t\t\t\t\t\t\t\tsliderLayout:\"fullscreen\",\n\t\t\t\t\t\t\t\tvisibilityLevels:\"1240,1024,778,480\",\n\t\t\t\t\t\t\t\tgridwidth:1240,\n\t\t\t\t\t\t\t\tgridheight:900,\n\t\t\t\t\t\t\t\tperspective:600,\n\t\t\t\t\t\t\t\tperspectiveType:\"global\",\n\t\t\t\t\t\t\t\teditorheight:\"900,768,960,720\",\n\t\t\t\t\t\t\t\tresponsiveLevels:\"1240,1024,778,480\",\n\t\t\t\t\t\t\t\tprogressBar:{disableProgressBar:true},\n\t\t\t\t\t\t\t\tnavigation: {\n\t\t\t\t\t\t\t\t\tonHoverStop:false\n\t\t\t\t\t\t\t\t},\n\t\t\t\t\t\t\t\tfallbacks: {\n\t\t\t\t\t\t\t\t\tallowHTML5AutoPlayOnAndroid:true\n\t\t\t\t\t\t\t\t},\n\t\t\t\t\t\t\t});\n\t\t\t\t\t\t}\n\t\t\t\t\t\t\n\t\t\t\t\t});\n\t\t\t\t\t} \/\/ End of RevInitScript\n\t\t\t\tvar once_revslider51 = false;\n\t\t\t\tif (document.readyState === \"loading\") {document.addEventListener('readystatechange',function() { if((document.readyState === \"interactive\" || document.readyState === \"complete\") && !once_revslider51 ) { once_revslider51 = true; revinit_revslider51();}});} else {once_revslider51 = true; revinit_revslider51();}\n\t\t\t\t<\/script>\n\t\t\t<\/rs-module-wrap>\n\t\t\t<!-- END REVOLUTION SLIDER -->\n[vc_raw_html]PGRpdiBjbGFzcz0iYXJyb3ctd3JhcHBlciI+PGRpdiBjbGFzcz0iYXJyb3ciPjwvZGl2PjwvZGl2Pg==[\/vc_raw_html][\/vc_column][\/vc_row][vc_row full_width=\u00bbstretch_row_content\u00bb][vc_column][vc_empty_space height=\u00bb100px\u00bb][vc_column_text]<\/p>\n<h1 style=\"text-align: center;\">UBICACI\u00d3N<\/h1>\n<p>[\/vc_column_text][vc_empty_space height=\u00bb50px\u00bb][\/vc_column][\/vc_row][vc_row][vc_column][vc_column_text]<br \/>\n[\/vc_column_text][\/vc_column][\/vc_row][vc_row css=\u00bb.vc_custom_1547553006946{padding-top: 10px !important;padding-bottom: 50px !important;}\u00bb][vc_column][vc_column_text]<\/p>\n<p style=\"text-align: center;\">Locanda Sant&#8217;Agostin se encuentra en el caracter\u00edstico barrio de San Polo, zona aut\u00e9nticamente veneciana repleta de restaurantes y t\u00edpicos \u00abbacari\u00bb. A pocos pasos de la bas\u00edlica dei Frari, la Scuola Grande San Rocco y el Campo San Polo, el hotel est\u00e1 a solo 10 minutos del puente de Rialto.<\/p>\n<p>[\/vc_column_text][\/vc_column][\/vc_row][vc_row full_width=\u00bbstretch_row_content_no_spaces\u00bb][vc_column][vc_gmaps link=\u00bb#E-8_JTNDaWZyYW1lJTIwc3JjJTNEJTIyaHR0cHMlM0ElMkYlMkZ3d3cuZ29vZ2xlLmNvbSUyRm1hcHMlMkZlbWJlZCUzRnBiJTNEJTIxMW0xOCUyMTFtMTIlMjExbTMlMjExZDEzMzE2LjY5NDE2MzY1NDMwOSUyMTJkMTIuMzI2NDAxODAxNDc5NzQ0JTIxM2Q0NS40Mzk3NzkyMDY1NDg2JTIxMm0zJTIxMWYwJTIxMmYwJTIxM2YwJTIxM20yJTIxMWkxMDI0JTIxMmk3NjglMjE0ZjEzLjElMjEzbTMlMjExbTIlMjExczB4NDc3ZWIxYzY1ZWUwYzIxZiUyNTNBMHhkYjA2YWE3Y2ExNzBhYjg0JTIxMnNMb2NhbmRhJTI1MjBTYW50JTI2JTIzMzklM0JBZ29zdGluJTIxNWUwJTIxM20yJTIxMXNpdCUyMTJzaXQlMjE0djE2NzE3MTI4ODQ3MDUlMjE1bTIlMjExc2l0JTIxMnNpdCUyMiUyMHdpZHRoJTNEJTIyNjAwJTIyJTIwaGVpZ2h0JTNEJTIyNDUwJTIyJTIwc3R5bGUlM0QlMjJib3JkZXIlM0EwJTNCJTIyJTIwYWxsb3dmdWxsc2NyZWVuJTNEJTIyJTIyJTIwbG9hZGluZyUzRCUyMmxhenklMjIlMjByZWZlcnJlcnBvbGljeSUzRCUyMm5vLXJlZmVycmVyLXdoZW4tZG93bmdyYWRlJTIyJTNFJTNDJTJGaWZyYW1lJTNF\u00bb size=\u00bb800px\u00bb][vc_empty_space height=\u00bb40px\u00bb][\/vc_column][\/vc_row][vc_row css=\u00bb.vc_custom_1547712153347{padding-top: 50px !important;padding-bottom: 50px !important;}\u00bb][vc_column][vc_column_text]<\/p>\n<h2 style=\"text-align: center;\">C\u00f3mo llegar<\/h2>\n<p>[\/vc_column_text][\/vc_column][\/vc_row][vc_row full_width=\u00bbstretch_row_content\u00bb gap=\u00bb35&#8243; css=\u00bb.vc_custom_1547712291318{padding-bottom: 50px !important;}\u00bb][vc_column width=\u00bb1\/3&#8243; css=\u00bb.vc_custom_1624271879949{padding-top: 35px !important;padding-right: 35px !important;padding-bottom: 35px !important;padding-left: 35px !important;background-color: #f4f4f4 !important;}\u00bb][vc_icon icon_fontawesome=\u00bbfa fa-plane\u00bb color=\u00bbblack\u00bb size=\u00bbxl\u00bb align=\u00bbcenter\u00bb][vc_column_text]<\/p>\n<h3 style=\"text-align: center;\">Para quienes llegan desde el aeropuerto<\/h3>\n<p style=\"text-align: center;\"><strong>Aeropuerto Marco Polo de Venecia<\/strong><br \/>\nCon el TAXI acu\u00e1tico privado hasta el hotel en Rio Sant&#8217;Agostin. Aconsejamos acordar el precio antes de embarcar y verificar si el taxi est\u00e1 autorizado (reconocible por la banda amarilla lateral y el n\u00famero de concesi\u00f3n). Con el autob\u00fas lanzadera ATVO o ACTV n.\u00b0 5 hasta Piazzale Roma y luego con el VAPORETTO (servicio p\u00fablico de transporte) ACTV l\u00ednea 1 a trav\u00e9s del Canal Grande hasta la cuarta parada, San Stae (duraci\u00f3n del recorrido: 10 minutos aproximadamente). Al llegar al muelle de San Stae, se debe tomar el primer puente de hierro a la izquierda y continuar por Fondamenta Mocenigo, recto hasta Calle del Modena, y al llegar a Campo San Boldo o Calle del Calice, girar a la izquierda para llegar a Campo Sant&#8217;Agostin.<\/p>\n<p style=\"text-align: center;\"><strong>Aeropuerto San Giuseppe de Treviso<\/strong><br \/>\nUn servicio de lanzadera comunica el aeropuerto de Treviso con el Piazzale Roma de Venecia en funci\u00f3n de la llegada de los vuelos m\u00e1s importantes. Desde Piazzale Roma se puede tomar el VAPORETTO ACTV l\u00ednea 1 a trav\u00e9s del Canal Grande hasta la parada de San Stae (duraci\u00f3n del recorrido: 10 minutos aproximadamente). Desde aqu\u00ed se deben seguir las indicaciones anteriores.<\/p>\n<p>[\/vc_column_text][\/vc_column][vc_column width=\u00bb1\/3&#8243; css=\u00bb.vc_custom_1624271891641{padding-top: 35px !important;padding-right: 35px !important;padding-bottom: 35px !important;padding-left: 35px !important;background-color: #f4f4f4 !important;}\u00bb][vc_icon icon_fontawesome=\u00bbfa fa-car\u00bb color=\u00bbblack\u00bb size=\u00bbxl\u00bb align=\u00bbcenter\u00bb][vc_column_text]<\/p>\n<h3 style=\"text-align: center;\">Para quienes llegan en coche<\/h3>\n<p style=\"text-align: center;\">Se puede dejar el coche en la terminal de veh\u00edculos del TRONCHETTO y luego tomar el Vaporetto ACTV l\u00ednea 2 hasta la estaci\u00f3n de ferrocarril de Santa Lucia. Desde aqu\u00ed, se debe tomar el Vaporetto ACTV l\u00ednea 1 a trav\u00e9s del Gran Canal hasta la parada de San Stae. Duraci\u00f3n del recorrido: 20 minutos aproximadamente. Al llegar al muelle de San Stae, se debe tomar el primer puente de hierro a la izquierda y continuar por Fondamenta Mocenigo, recto hasta Calle del Modena, y al llegar a Campo San Boldo o Calle del Calice, girar a la izquierda para llegar a Campo Sant&#8217;Agostin. Tambi\u00e9n se puede dejar el coche en el aparcamiento de PIAZZALE ROMA. Desde Piazzale Roma se debe tomar el VAPORETTO (servicio p\u00fablico de transporte) ACTV l\u00ednea 1 a trav\u00e9s del Canal Grande hasta la cuarta parada, San Stae (duraci\u00f3n del recorrido: 8 minutos aproximadamente). Desde aqu\u00ed se deben seguir las indicaciones anteriores.<\/p>\n<p>[\/vc_column_text][\/vc_column][vc_column width=\u00bb1\/3&#8243; css=\u00bb.vc_custom_1624271899316{padding-top: 35px !important;padding-right: 35px !important;padding-bottom: 35px !important;padding-left: 35px !important;background-color: #f4f4f4 !important;}\u00bb][vc_icon icon_fontawesome=\u00bbfa fa-train\u00bb color=\u00bbblack\u00bb size=\u00bbxl\u00bb align=\u00bbcenter\u00bb][vc_column_text]<\/p>\n<h3 style=\"text-align: center;\">Para quienes llegan en tren<br \/>\nEstaci\u00f3n de ferrocarril de Santa Lucia<\/h3>\n<p style=\"text-align: center;\">Con el TAXI acu\u00e1tico privado hasta el hotel en Rio Sant&#8217;Agostin. Aconsejamos acordar el precio antes de embarcar y verificar si el taxi est\u00e1 autorizado.<br \/>\nCon el VAPORETTO (servicio p\u00fablico de transporte) ACTV l\u00ednea 1 a trav\u00e9s del Canal Grande hasta la parada de San Stae (duraci\u00f3n del recorrido: 8-10 minutos aproximadamente). Al llegar al muelle de San Stae, se debe tomar el primer puente de hierro a la izquierda y continuar por Fondamenta Mocenigo, recto hasta Calle del Modena, y al llegar a Campo San Boldo o Calle del Calice, girar a la izquierda para llegar a Campo Sant&#8217;Agostin.<\/p>\n<p>[\/vc_column_text][\/vc_column][\/vc_row][vc_row full_width=\u00bbstretch_row_content\u00bb][vc_column][vc_cta h2=\u00bbDescarga el Mapa\u00bb txt_align=\u00bbcenter\u00bb style=\u00bbflat\u00bb add_button=\u00bbbottom\u00bb btn_title=\u00bbDescargar\u00bb btn_style=\u00bbflat\u00bb btn_size=\u00bblg\u00bb btn_align=\u00bbcenter\u00bb add_icon=\u00bbtop\u00bb i_icon_fontawesome=\u00bbfas fa-download\u00bb i_color=\u00bbblack\u00bb btn_link=\u00bburl:https%3A%2F%2Fwww.santagostin.com%2Fwordpress%2Fwp-content%2Fuploads%2F2023%2F01%2FAgostin_map_en.pdf|target:_blank|\u00bb]Haga clic en el bot\u00f3n \u00abDescargar\u00bb para descargar el mapa en PDF[\/vc_cta][\/vc_column][\/vc_row]<\/p>\n","protected":false},"excerpt":{"rendered":"<p>[vc_row full_width=\u00bbstretch_row_content\u00bb][vc_column][vc_raw_html]PGRpdiBjbGFzcz0iYXJyb3ctd3JhcHBlciI+PGRpdiBjbGFzcz0iYXJyb3ciPjwvZGl2PjwvZGl2Pg==[\/vc_raw_html][\/vc_column][\/vc_row][vc_row full_width=\u00bbstretch_row_content\u00bb][vc_column][vc_empty_space height=\u00bb100px\u00bb][vc_column_text] UBICACI\u00d3N [\/vc_column_text][vc_empty_space height=\u00bb50px\u00bb][\/vc_column][\/vc_row][vc_row][vc_column][vc_column_text] [\/vc_column_text][\/vc_column][\/vc_row][vc_row css=\u00bb.vc_custom_1547553006946{padding-top: 10px !important;padding-bottom: 50px !important;}\u00bb][vc_column][vc_column_text] Locanda Sant&#8217;Agostin se encuentra en el caracter\u00edstico barrio de San Polo, zona aut\u00e9nticamente veneciana repleta de restaurantes y t\u00edpicos \u00abbacari\u00bb. A pocos pasos de la bas\u00edlica dei Frari, la Scuola Grande San Rocco y el Campo San Polo, el hotel est\u00e1 a&hellip;<\/p>\n","protected":false},"author":1,"featured_media":0,"parent":0,"menu_order":0,"comment_status":"closed","ping_status":"closed","template":"","meta":[],"class_list":["post-1383","page","type-page","status-publish","hentry","description-off"],"_links":{"self":[{"href":"https:\/\/www.santagostin.com\/es\/wp-json\/wp\/v2\/pages\/1383","targetHints":{"allow":["GET"]}}],"collection":[{"href":"https:\/\/www.santagostin.com\/es\/wp-json\/wp\/v2\/pages"}],"about":[{"href":"https:\/\/www.santagostin.com\/es\/wp-json\/wp\/v2\/types\/page"}],"author":[{"embeddable":true,"href":"https:\/\/www.santagostin.com\/es\/wp-json\/wp\/v2\/users\/1"}],"replies":[{"embeddable":true,"href":"https:\/\/www.santagostin.com\/es\/wp-json\/wp\/v2\/comments?post=1383"}],"version-history":[{"count":2,"href":"https:\/\/www.santagostin.com\/es\/wp-json\/wp\/v2\/pages\/1383\/revisions"}],"predecessor-version":[{"id":1385,"href":"https:\/\/www.santagostin.com\/es\/wp-json\/wp\/v2\/pages\/1383\/revisions\/1385"}],"wp:attachment":[{"href":"https:\/\/www.santagostin.com\/es\/wp-json\/wp\/v2\/media?parent=1383"}],"curies":[{"name":"wp","href":"https:\/\/api.w.org\/{rel}","templated":true}]}}