{"id":1366,"date":"2023-01-30T12:11:43","date_gmt":"2023-01-30T11:11:43","guid":{"rendered":"https:\/\/www.santagostin.com\/wordpress\/lage\/"},"modified":"2023-01-30T12:11:43","modified_gmt":"2023-01-30T11:11:43","slug":"lage","status":"publish","type":"page","link":"https:\/\/www.santagostin.com\/de\/lage\/","title":{"rendered":"Lage"},"content":{"rendered":"<p>[vc_row full_width=&#8220;stretch_row_content&#8220;][vc_column]\n\t\t\t<!-- START Location REVOLUTION SLIDER 6.4.5 --><p class=\"rs-p-wp-fix\"><\/p>\n\t\t\t<rs-module-wrap id=\"rev_slider_5_1_wrapper\" data-source=\"gallery\" style=\"background:transparent;padding:0;\">\n\t\t\t\t<rs-module id=\"rev_slider_5_1\" style=\"\" data-version=\"6.4.5\">\n\t\t\t\t\t<rs-slides>\n\t\t\t\t\t\t<rs-slide data-key=\"rs-11\" data-title=\"Slide\" data-in=\"o:0;\" data-out=\"a:false;\">\n\t\t\t\t\t\t\t<img loading=\"lazy\" decoding=\"async\" src=\"\/\/www.santagostin.com\/wordpress\/wp-content\/uploads\/2022\/12\/gallery-_DNN6424.jpg\" title=\"gallery-_DNN6424\" width=\"2560\" height=\"1707\" class=\"rev-slidebg tp-rs-img\" data-no-retina>\n<!---->\t\t\t\t\t\t<\/rs-slide>\n\t\t\t\t\t<\/rs-slides>\n\t\t\t\t<\/rs-module>\n\t\t\t\t<script type=\"text\/javascript\">\n\t\t\t\t\tsetREVStartSize({c: 'rev_slider_5_1',rl:[1240,1024,778,480],el:[900],gw:[1240],gh:[900],type:'standard',justify:'',layout:'fullscreen',offsetContainer:'',offset:'',mh:\"0\"});\n\t\t\t\t\tvar\trevapi5,\n\t\t\t\t\t\ttpj;\n\t\t\t\t\tfunction revinit_revslider51() {\n\t\t\t\t\tjQuery(function() {\n\t\t\t\t\t\ttpj = jQuery;\n\t\t\t\t\t\trevapi5 = tpj(\"#rev_slider_5_1\");\n\t\t\t\t\t\tif(revapi5==undefined || revapi5.revolution == undefined){\n\t\t\t\t\t\t\trevslider_showDoubleJqueryError(\"rev_slider_5_1\");\n\t\t\t\t\t\t}else{\n\t\t\t\t\t\t\trevapi5.revolution({\n\t\t\t\t\t\t\t\tsliderLayout:\"fullscreen\",\n\t\t\t\t\t\t\t\tvisibilityLevels:\"1240,1024,778,480\",\n\t\t\t\t\t\t\t\tgridwidth:1240,\n\t\t\t\t\t\t\t\tgridheight:900,\n\t\t\t\t\t\t\t\tperspective:600,\n\t\t\t\t\t\t\t\tperspectiveType:\"global\",\n\t\t\t\t\t\t\t\teditorheight:\"900,768,960,720\",\n\t\t\t\t\t\t\t\tresponsiveLevels:\"1240,1024,778,480\",\n\t\t\t\t\t\t\t\tprogressBar:{disableProgressBar:true},\n\t\t\t\t\t\t\t\tnavigation: {\n\t\t\t\t\t\t\t\t\tonHoverStop:false\n\t\t\t\t\t\t\t\t},\n\t\t\t\t\t\t\t\tfallbacks: {\n\t\t\t\t\t\t\t\t\tallowHTML5AutoPlayOnAndroid:true\n\t\t\t\t\t\t\t\t},\n\t\t\t\t\t\t\t});\n\t\t\t\t\t\t}\n\t\t\t\t\t\t\n\t\t\t\t\t});\n\t\t\t\t\t} \/\/ End of RevInitScript\n\t\t\t\tvar once_revslider51 = false;\n\t\t\t\tif (document.readyState === \"loading\") {document.addEventListener('readystatechange',function() { if((document.readyState === \"interactive\" || document.readyState === \"complete\") && !once_revslider51 ) { once_revslider51 = true; revinit_revslider51();}});} else {once_revslider51 = true; revinit_revslider51();}\n\t\t\t\t<\/script>\n\t\t\t<\/rs-module-wrap>\n\t\t\t<!-- END REVOLUTION SLIDER -->\n[vc_raw_html]PGRpdiBjbGFzcz0iYXJyb3ctd3JhcHBlciI+PGRpdiBjbGFzcz0iYXJyb3ciPjwvZGl2PjwvZGl2Pg==[\/vc_raw_html][\/vc_column][\/vc_row][vc_row full_width=&#8220;stretch_row_content&#8220;][vc_column][vc_empty_space height=&#8220;100px&#8220;][vc_column_text]<\/p>\n<h1 style=\"text-align: center;\">LAGE<\/h1>\n<p>[\/vc_column_text][vc_empty_space height=&#8220;50px&#8220;][\/vc_column][\/vc_row][vc_row][vc_column][vc_column_text]<br \/>\n[\/vc_column_text][\/vc_column][\/vc_row][vc_row css=&#8220;.vc_custom_1547553006946{padding-top: 10px !important;padding-bottom: 50px !important;}&#8220;][vc_column][vc_column_text]<\/p>\n<p style=\"text-align: center;\">Die Locanda Sant&#8217;Agostin befindet sich im charakteristischen Viertel San Polo, einer authentischen venezianischen Gegend voller Restaurants und typischer Bacari. Die Unterkunft befindet sich nur wenige Schritte von der Basilica dei Frari, der Scuola Grande San Rocco und dem Campo San Polo und 10 Minuten von der Rialtobr\u00fccke entfernt.<\/p>\n<p>[\/vc_column_text][\/vc_column][\/vc_row][vc_row full_width=&#8220;stretch_row_content_no_spaces&#8220;][vc_column][vc_gmaps link=&#8220;#E-8_JTNDaWZyYW1lJTIwc3JjJTNEJTIyaHR0cHMlM0ElMkYlMkZ3d3cuZ29vZ2xlLmNvbSUyRm1hcHMlMkZlbWJlZCUzRnBiJTNEJTIxMW0xOCUyMTFtMTIlMjExbTMlMjExZDEzMzE2LjY5NDE2MzY1NDMwOSUyMTJkMTIuMzI2NDAxODAxNDc5NzQ0JTIxM2Q0NS40Mzk3NzkyMDY1NDg2JTIxMm0zJTIxMWYwJTIxMmYwJTIxM2YwJTIxM20yJTIxMWkxMDI0JTIxMmk3NjglMjE0ZjEzLjElMjEzbTMlMjExbTIlMjExczB4NDc3ZWIxYzY1ZWUwYzIxZiUyNTNBMHhkYjA2YWE3Y2ExNzBhYjg0JTIxMnNMb2NhbmRhJTI1MjBTYW50JTI2JTIzMzklM0JBZ29zdGluJTIxNWUwJTIxM20yJTIxMXNpdCUyMTJzaXQlMjE0djE2NzE3MTI4ODQ3MDUlMjE1bTIlMjExc2l0JTIxMnNpdCUyMiUyMHdpZHRoJTNEJTIyNjAwJTIyJTIwaGVpZ2h0JTNEJTIyNDUwJTIyJTIwc3R5bGUlM0QlMjJib3JkZXIlM0EwJTNCJTIyJTIwYWxsb3dmdWxsc2NyZWVuJTNEJTIyJTIyJTIwbG9hZGluZyUzRCUyMmxhenklMjIlMjByZWZlcnJlcnBvbGljeSUzRCUyMm5vLXJlZmVycmVyLXdoZW4tZG93bmdyYWRlJTIyJTNFJTNDJTJGaWZyYW1lJTNF&#8220; size=&#8220;800px&#8220;][vc_empty_space height=&#8220;40px&#8220;][\/vc_column][\/vc_row][vc_row css=&#8220;.vc_custom_1547712153347{padding-top: 50px !important;padding-bottom: 50px !important;}&#8220;][vc_column][vc_column_text]<\/p>\n<h2 style=\"text-align: center;\">Anreise<\/h2>\n<p>[\/vc_column_text][\/vc_column][\/vc_row][vc_row full_width=&#8220;stretch_row_content&#8220; gap=&#8220;35&#8243; css=&#8220;.vc_custom_1547712291318{padding-bottom: 50px !important;}&#8220;][vc_column width=&#8220;1\/3&#8243; css=&#8220;.vc_custom_1624271879949{padding-top: 35px !important;padding-right: 35px !important;padding-bottom: 35px !important;padding-left: 35px !important;background-color: #f4f4f4 !important;}&#8220;][vc_icon icon_fontawesome=&#8220;fa fa-plane&#8220; color=&#8220;black&#8220; size=&#8220;xl&#8220; align=&#8220;center&#8220;][vc_column_text]<\/p>\n<h3 style=\"text-align: center;\">Anreise mit dem Flugzeug<\/h3>\n<p style=\"text-align: center;\"><strong>Flughafen Venedig Marco Polo<\/strong><br \/>\nMit dem privaten WASSERTAXI bis zur Locanda am Rio Sant&#8217;Agostin. Wir empfehlen Ihnen, den Preis vor dem Einsteigen zu vereinbaren und sich zu vergewissern, dass das Taxi \u00fcber eine Lizenz verf\u00fcgt (erkennbar an dem gelben Band an den Seiten und der darauf befindlichen Konzessionsnummer). Mit dem ATVO- oder ACTV-Shuttlebus Nr. 5 bis zum Piazzale Roma und dann mit der ACTV-VAPORETTO-Linie 1 (\u00f6ffentliches Verkehrsmittel) \u00fcber den Canal Grande bis zur vierten Haltestelle, San Stae (Fahrzeit ca. 10 Minuten). An der Anlegestelle San Stae nehmen Sie die erste Eisenbr\u00fccke auf der linken Seite und gehen weiter in Richtung Fondamenta Mocenigo, geradeaus bis zur Calle del Modena. Am Campo San Boldo oder der Calle del Calice angekommen, biegen Sie links ab, um zum Campo Sant&#8217;Agostin zu gelangen.<\/p>\n<p style=\"text-align: center;\"><strong>Flughafen Treviso San Giuseppe<\/strong><br \/>\nEin Shuttle-Service verbindet zu den Ankunftszeiten der wichtigsten Fl\u00fcge den Flughafen Treviso mit dem Piazzale Roma in Venedig. Vom Piazzale Roma k\u00f6nnen Sie die ACTV-VAPORETTO-Linie 1 \u00fcber den Canal Grande bis zur Haltestelle San Stae nehmen (Fahrzeit ca. 10 Minuten). Von hier aus weiter wie oben.<\/p>\n<p>[\/vc_column_text][\/vc_column][vc_column width=&#8220;1\/3&#8243; css=&#8220;.vc_custom_1624271891641{padding-top: 35px !important;padding-right: 35px !important;padding-bottom: 35px !important;padding-left: 35px !important;background-color: #f4f4f4 !important;}&#8220;][vc_icon icon_fontawesome=&#8220;fa fa-car&#8220; color=&#8220;black&#8220; size=&#8220;xl&#8220; align=&#8220;center&#8220;][vc_column_text]<\/p>\n<h3 style=\"text-align: center;\">Anreise mit dem Auto<\/h3>\n<p style=\"text-align: center;\">Anreise mit dem Auto<br \/>\nSie k\u00f6nnen Ihr Auto am Car Terminal am TRONCHETTO parken und dann mit der ACTV-Vaporetto-Linie 2 bis zum Bahnhof Santa Lucia fahren. Hier nehmen Sie die ACTV-Vaporetto-Linie 1 \u00fcber den Canal Grande bis zur Haltestelle San Stae. Fahrzeit circa 35 Minuten. An der Anlegestelle San Stae nehmen Sie die erste Eisenbr\u00fccke auf der linken Seite und gehen weiter in Richtung Fondamenta Mocenigo, geradeaus bis zur Calle del Modena. Am Campo San Boldo oder der Calle del Calice angekommen, biegen Sie links ab, um zum Campo Sant&#8217;Agostin zu gelangen. Sie k\u00f6nnen Ihr Auto auch auf dem Parkplatz am PIAZZALE ROMA parken. Vom Piazzale Roma nehmen Sie die ACTV-VAPORETTO-Linie 1 (\u00f6ffentliches Verkehrsmittel) \u00fcber den Canal Grande bis zur vierten Haltestelle, San Stae (Fahrzeit ca. 8 Minuten). Von hier aus weiter wie oben.<\/p>\n<p>[\/vc_column_text][\/vc_column][vc_column width=&#8220;1\/3&#8243; css=&#8220;.vc_custom_1624271899316{padding-top: 35px !important;padding-right: 35px !important;padding-bottom: 35px !important;padding-left: 35px !important;background-color: #f4f4f4 !important;}&#8220;][vc_icon icon_fontawesome=&#8220;fa fa-train&#8220; color=&#8220;black&#8220; size=&#8220;xl&#8220; align=&#8220;center&#8220;][vc_column_text]<\/p>\n<h3 style=\"text-align: center;\">Anreise mit der Bahn<br \/>\nBahnhof Santa Lucia<\/h3>\n<p style=\"text-align: center;\">Mit dem privaten WASSERTAXI zum Hotel am Rio Sant&#8217;Agostin. Wir empfehlen Ihnen, den Preis vor dem Einsteigen zu vereinbaren und zu \u00fcberpr\u00fcfen, ob das Taxi \u00fcber eine Lizenz verf\u00fcgt.<br \/>\nMit dem ACTV-VAPORETTO-Linie 1 \u00fcber den Canal Grande bis zur Haltestelle San Stae (Fahrzeit ca. 8-10 Minuten). An der Anlegestelle San Stae nehmen Sie die erste Eisenbr\u00fccke auf der linken Seite und gehen weiter in Richtung Fondamenta Mocenigo, geradeaus bis zur Calle del Modena. Am Campo San Boldo oder der Calle del Calice angekommen, biegen Sie links ab, um zum Campo Sant&#8217;Agostin zu gelangen.<\/p>\n<p>[\/vc_column_text][\/vc_column][\/vc_row][vc_row full_width=&#8220;stretch_row_content&#8220;][vc_column][vc_cta h2=&#8220;Laden Sie die Karte herunter&#8220; txt_align=&#8220;center&#8220; style=&#8220;flat&#8220; add_button=&#8220;bottom&#8220; btn_title=&#8220;Herunterladen&#8220; btn_style=&#8220;flat&#8220; btn_size=&#8220;lg&#8220; btn_align=&#8220;center&#8220; add_icon=&#8220;top&#8220; i_icon_fontawesome=&#8220;fas fa-download&#8220; i_color=&#8220;black&#8220; btn_link=&#8220;url:https%3A%2F%2Fwww.santagostin.com%2Fwordpress%2Fwp-content%2Fuploads%2F2023%2F01%2FAgostin_map_en.pdf|target:_blank|&#8220;]Klicken Sie auf die Schaltfl\u00e4che &#8222;Herunterladen&#8220;, um die Karte als PDF herunterzuladen[\/vc_cta][\/vc_column][\/vc_row]<\/p>\n","protected":false},"excerpt":{"rendered":"<p>[vc_row full_width=&#8220;stretch_row_content&#8220;][vc_column][vc_raw_html]PGRpdiBjbGFzcz0iYXJyb3ctd3JhcHBlciI+PGRpdiBjbGFzcz0iYXJyb3ciPjwvZGl2PjwvZGl2Pg==[\/vc_raw_html][\/vc_column][\/vc_row][vc_row full_width=&#8220;stretch_row_content&#8220;][vc_column][vc_empty_space height=&#8220;100px&#8220;][vc_column_text] LAGE [\/vc_column_text][vc_empty_space height=&#8220;50px&#8220;][\/vc_column][\/vc_row][vc_row][vc_column][vc_column_text] [\/vc_column_text][\/vc_column][\/vc_row][vc_row css=&#8220;.vc_custom_1547553006946{padding-top: 10px !important;padding-bottom: 50px !important;}&#8220;][vc_column][vc_column_text] Die Locanda Sant&#8217;Agostin befindet sich im charakteristischen Viertel San Polo, einer authentischen venezianischen Gegend voller Restaurants und typischer Bacari. Die Unterkunft befindet sich nur wenige Schritte von der Basilica dei Frari, der Scuola Grande San Rocco und dem Campo San Polo und&hellip;<\/p>\n","protected":false},"author":1,"featured_media":0,"parent":0,"menu_order":0,"comment_status":"closed","ping_status":"closed","template":"","meta":[],"class_list":["post-1366","page","type-page","status-publish","hentry","description-off"],"_links":{"self":[{"href":"https:\/\/www.santagostin.com\/de\/wp-json\/wp\/v2\/pages\/1366","targetHints":{"allow":["GET"]}}],"collection":[{"href":"https:\/\/www.santagostin.com\/de\/wp-json\/wp\/v2\/pages"}],"about":[{"href":"https:\/\/www.santagostin.com\/de\/wp-json\/wp\/v2\/types\/page"}],"author":[{"embeddable":true,"href":"https:\/\/www.santagostin.com\/de\/wp-json\/wp\/v2\/users\/1"}],"replies":[{"embeddable":true,"href":"https:\/\/www.santagostin.com\/de\/wp-json\/wp\/v2\/comments?post=1366"}],"version-history":[{"count":2,"href":"https:\/\/www.santagostin.com\/de\/wp-json\/wp\/v2\/pages\/1366\/revisions"}],"predecessor-version":[{"id":1368,"href":"https:\/\/www.santagostin.com\/de\/wp-json\/wp\/v2\/pages\/1366\/revisions\/1368"}],"wp:attachment":[{"href":"https:\/\/www.santagostin.com\/de\/wp-json\/wp\/v2\/media?parent=1366"}],"curies":[{"name":"wp","href":"https:\/\/api.w.org\/{rel}","templated":true}]}}